{"id":1328,"date":"2019-12-17T09:51:22","date_gmt":"2019-12-17T09:51:22","guid":{"rendered":"https:\/\/leeksonfilms.com\/?page_id=1328"},"modified":"2019-12-17T19:06:04","modified_gmt":"2019-12-17T19:06:04","slug":"politica-de-cookies","status":"publish","type":"page","link":"https:\/\/leeksonfilms.com\/es\/politica-de-cookies\/","title":{"rendered":"Pol\u00edtica de Cookies"},"content":{"rendered":"\n<h2 class=\"wp-block-heading\"><strong>\u00bfQu\u00e9 son\nlas cookies?<\/strong><\/h2>\n\n\n\n<p>Una cookie es un fichero que se descarga en su ordenador al\nacceder a determinadas p\u00e1ginas web. Las cookies permiten a una p\u00e1gina web,\nentre otras cosas, almacenar y recuperar informaci\u00f3n sobre los h\u00e1bitos de navegaci\u00f3n\nde un usuario o de su equipo y, dependiendo de la informaci\u00f3n que contengan y\nde la forma en que utilice su equipo, pueden utilizarse para reconocer al\nusuario.<\/p>\n\n\n\n<h3 class=\"wp-block-heading\">\u00bfQu\u00e9 tipos de cookies existen?<\/h3>\n\n\n\n<ul class=\"wp-block-list\"><li>Cookies propias: Son aqu\u00e9llas que se env\u00edan al equipo terminal del\n     usuario desde un equipo o dominio gestionado por el propio editor y desde\n     el que se presta el servicio solicitado por el usuario.<\/li><li>Cookies de tercero: Son aqu\u00e9llas que se env\u00edan al equipo terminal\n     del usuario desde un equipo o dominio que no es gestionado por el editor,\n     sino por otra entidad que trata los datos obtenidos trav\u00e9s de las cookies.<\/li><li>Cookies de sesi\u00f3n: Son un tipo de cookies dise\u00f1adas para recabar y\n     almacenar datos mientras el usuario accede a una p\u00e1gina web.<\/li><li>Cookies persistentes: Son un tipo de cookies en el que los datos\n     siguen almacenados en el terminal y pueden ser accedidos y tratados\n     durante un periodo definido por el responsable de la cookie, y que puede\n     ir de unos minutos a varios a\u00f1os.<\/li><li>Cookies de an\u00e1lisis: Son aqu\u00e9llas que bien tratadas por nosotros o\n     por terceros, nos permiten cuantificar el n\u00famero de usuarios y as\u00ed\n     realizar la medici\u00f3n y an\u00e1lisis estad\u00edstico de la utilizaci\u00f3n que hacen\n     los usuarios del servicio ofertado.<\/li><li>Para ello se analiza su navegaci\u00f3n en nuestra p\u00e1gina web con el\n     fin de mejorar la oferta de productos o servicios que le ofrecemos.<\/li><li>Cookies publicitarias: Son aqu\u00e9llas que permiten la gesti\u00f3n, de la\n     forma m\u00e1s eficaz posible, de los espacios publicitarios que, en su caso,\n     el editor haya incluido en una p\u00e1gina web, aplicaci\u00f3n o plataforma desde\n     la que presta el servicio solicitado en base a criterios como el contenido\n     editado o la frecuencia en la que se muestran los anuncios.<\/li><li>Cookies de publicidad comportamental: Son aqu\u00e9llas que permiten la\n     gesti\u00f3n, de la forma m\u00e1s eficaz posible, de los espacios publicitarios\n     que, en su caso, el editor haya incluido en una p\u00e1gina web, aplicaci\u00f3n o\n     plataforma desde la que presta el servicio solicitado. Estas cookies\n     almacenan informaci\u00f3n del comportamiento de los usuarios obtenida a trav\u00e9s\n     de la observaci\u00f3n continuada de sus h\u00e1bitos de navegaci\u00f3n, lo que permite\n     desarrollar un perfil espec\u00edfico para mostrar publicidad en funci\u00f3n del\n     mismo.<\/li><\/ul>\n\n\n\n<p>Asimismo es posible que al visitar alguna pagina web o al\nabrir alg\u00fan email donde se publique alg\u00fan anuncio o alguna promoci\u00f3n sobre\nnuestros productos o servicios se instale en tu navegador alguna cookie que nos\nsirve para mostrarle posteriormente publicidad relacionada con la b\u00fasqueda que\nhaya realizado, desarrollar un control de nuestros anuncios en relaci\u00f3n, por\nejemplo, con el n\u00famero de veces que son vistos, donde aparecen, a qu\u00e9 hora se\nven, etc.<\/p>\n\n\n\n<h3 class=\"wp-block-heading\"><strong>\u00bfSe necesita mi consentimiento para implantar el uso\nde cookies?<\/strong><\/h3>\n\n\n\n<p>No se precisa el consentimiento para la instalaci\u00f3n de cookies\nt\u00e9cnicas o las que sean estrictamente necesarias para la prestaci\u00f3n de un\nservicio de la sociedad de la informaci\u00f3n expresamente solicitado por el\ndestinatario.<\/p>\n\n\n\n<p>Para el resto, s\u00ed se precisa del consentimiento del interesado\nque se puede solicitar por distintas v\u00edas. En el caso de que el usuario\ncontin\u00fae navegando en el sitio web se entender\u00e1 otorgado, sin perjuicio de que\nen cualquier momento podr\u00e1 revocarlo y desactivar las cookies.<\/p>\n\n\n\n<h3 class=\"wp-block-heading\"><strong>\u00bfQu\u00e9 cookies se utilizan?<\/strong><\/h3>\n\n\n\n<p>Gen\u00e9ricas de la web (google analytics):<\/p>\n\n\n\n<ul class=\"wp-block-list\"><li>__utmz =&gt; Registra si el visitante procede de un motor de\n     b\u00fasqueda (y, en ese caso, por medio de qu\u00e9 palabra clave), un link o si no\n     viene de una p\u00e1gina previa (ej: un favorito).<\/li><li>__utma =&gt; Almacena el n\u00famero de visitas (para cada visitante),\n     el instante de la primera visita, de la visita anterior y de la visita en\n     curso.<\/li><li>__utmb y __utmc =&gt; Se utilizan para comprobar aproximadamente\n     con qu\u00e9 rapidez se van los visitantes: cu\u00e1ndo inicia una visita y cu\u00e1ndo\n     acaba aproximadamente. Esta informaci\u00f3n se extrae de los cambios de estado\n     de la cookie (usando, por ejemplo, firecookie).<\/li><li>_ga =&gt;\n     Para identificar a los usuarios \u00fanicos en diferentes sesiones de\n     navegaci\u00f3n.<\/li><li>_gid =&gt;\n     Para identificar a los usuarios \u00fanicos en diferentes sesiones de\n     navegaci\u00f3n.<\/li><\/ul>\n\n\n\n<p>De idioma:<\/p>\n\n\n\n<ul class=\"wp-block-list\"><li>_icl_current_language =&gt; Guarda la configuraci\u00f3n de idioma.<\/li><\/ul>\n\n\n\n<h3 class=\"wp-block-heading\"><strong>Revocaci\u00f3n y eliminaci\u00f3n de cookies<\/strong><\/h3>\n\n\n\n<p>Usted puede permitir, bloquear o eliminar las cookies\ninstaladas en su equipo mediante la configuraci\u00f3n de las opciones del navegador\ninstalado en su ordenador, en caso que no permita la instalaci\u00f3n de cookies en\nsu navegador es posible que no pueda acceder a alguna de las secciones de\nnuestra web.<\/p>\n","protected":false},"excerpt":{"rendered":"<p>\u00bfQu\u00e9 son las cookies? Una cookie es un fichero que se descarga en su ordenador al acceder a determinadas p\u00e1ginas web. Las cookies permiten a una p\u00e1gina web, entre otras cosas, almacenar y recuperar informaci\u00f3n sobre los h\u00e1bitos de navegaci\u00f3n de un usuario o de su equipo y, dependiendo de la informaci\u00f3n que contengan y [&hellip;]<\/p>\n","protected":false},"author":1,"featured_media":0,"parent":0,"menu_order":0,"comment_status":"closed","ping_status":"closed","template":"","meta":{"footnotes":""},"class_list":["post-1328","page","type-page","status-publish","hentry"],"yoast_head":"<!-- This site is optimized with the Yoast SEO plugin v27.5 - https:\/\/yoast.com\/product\/yoast-seo-wordpress\/ -->\n<title>Pol\u00edtica de Cookies - Leeksonfilms<\/title>\n<meta name=\"robots\" content=\"index, follow, max-snippet:-1, max-image-preview:large, max-video-preview:-1\" \/>\n<link rel=\"canonical\" href=\"https:\/\/leeksonfilms.com\/es\/politica-de-cookies\/\" \/>\n<meta property=\"og:locale\" content=\"es_ES\" \/>\n<meta property=\"og:type\" content=\"article\" \/>\n<meta property=\"og:title\" content=\"Pol\u00edtica de Cookies - Leeksonfilms\" \/>\n<meta property=\"og:description\" content=\"\u00bfQu\u00e9 son las cookies? Una cookie es un fichero que se descarga en su ordenador al acceder a determinadas p\u00e1ginas web. Las cookies permiten a una p\u00e1gina web, entre otras cosas, almacenar y recuperar informaci\u00f3n sobre los h\u00e1bitos de navegaci\u00f3n de un usuario o de su equipo y, dependiendo de la informaci\u00f3n que contengan y [&hellip;]\" \/>\n<meta property=\"og:url\" content=\"https:\/\/leeksonfilms.com\/es\/politica-de-cookies\/\" \/>\n<meta property=\"og:site_name\" content=\"Leeksonfilms\" \/>\n<meta property=\"article:modified_time\" content=\"2019-12-17T19:06:04+00:00\" \/>\n<meta name=\"twitter:card\" content=\"summary_large_image\" \/>\n<meta name=\"twitter:label1\" content=\"Tiempo de lectura\" \/>\n\t<meta name=\"twitter:data1\" content=\"4 minutos\" \/>\n<script type=\"application\/ld+json\" class=\"yoast-schema-graph\">{\"@context\":\"https:\\\/\\\/schema.org\",\"@graph\":[{\"@type\":\"WebPage\",\"@id\":\"https:\\\/\\\/leeksonfilms.com\\\/es\\\/politica-de-cookies\\\/\",\"url\":\"https:\\\/\\\/leeksonfilms.com\\\/es\\\/politica-de-cookies\\\/\",\"name\":\"Pol\u00edtica de Cookies - Leeksonfilms\",\"isPartOf\":{\"@id\":\"https:\\\/\\\/leeksonfilms.com\\\/es\\\/#website\"},\"datePublished\":\"2019-12-17T09:51:22+00:00\",\"dateModified\":\"2019-12-17T19:06:04+00:00\",\"breadcrumb\":{\"@id\":\"https:\\\/\\\/leeksonfilms.com\\\/es\\\/politica-de-cookies\\\/#breadcrumb\"},\"inLanguage\":\"es\",\"potentialAction\":[{\"@type\":\"ReadAction\",\"target\":[\"https:\\\/\\\/leeksonfilms.com\\\/es\\\/politica-de-cookies\\\/\"]}]},{\"@type\":\"BreadcrumbList\",\"@id\":\"https:\\\/\\\/leeksonfilms.com\\\/es\\\/politica-de-cookies\\\/#breadcrumb\",\"itemListElement\":[{\"@type\":\"ListItem\",\"position\":1,\"name\":\"Portada\",\"item\":\"https:\\\/\\\/leeksonfilms.com\\\/es\\\/\"},{\"@type\":\"ListItem\",\"position\":2,\"name\":\"Pol\u00edtica de Cookies\"}]},{\"@type\":\"WebSite\",\"@id\":\"https:\\\/\\\/leeksonfilms.com\\\/es\\\/#website\",\"url\":\"https:\\\/\\\/leeksonfilms.com\\\/es\\\/\",\"name\":\"Leeksonfilms\",\"description\":\"M\u00e1s de 15 a\u00f1os de experiencia en el sector audiovisual\",\"potentialAction\":[{\"@type\":\"SearchAction\",\"target\":{\"@type\":\"EntryPoint\",\"urlTemplate\":\"https:\\\/\\\/leeksonfilms.com\\\/es\\\/?s={search_term_string}\"},\"query-input\":{\"@type\":\"PropertyValueSpecification\",\"valueRequired\":true,\"valueName\":\"search_term_string\"}}],\"inLanguage\":\"es\"}]}<\/script>\n<!-- \/ Yoast SEO plugin. -->","yoast_head_json":{"title":"Pol\u00edtica de Cookies - Leeksonfilms","robots":{"index":"index","follow":"follow","max-snippet":"max-snippet:-1","max-image-preview":"max-image-preview:large","max-video-preview":"max-video-preview:-1"},"canonical":"https:\/\/leeksonfilms.com\/es\/politica-de-cookies\/","og_locale":"es_ES","og_type":"article","og_title":"Pol\u00edtica de Cookies - Leeksonfilms","og_description":"\u00bfQu\u00e9 son las cookies? Una cookie es un fichero que se descarga en su ordenador al acceder a determinadas p\u00e1ginas web. Las cookies permiten a una p\u00e1gina web, entre otras cosas, almacenar y recuperar informaci\u00f3n sobre los h\u00e1bitos de navegaci\u00f3n de un usuario o de su equipo y, dependiendo de la informaci\u00f3n que contengan y [&hellip;]","og_url":"https:\/\/leeksonfilms.com\/es\/politica-de-cookies\/","og_site_name":"Leeksonfilms","article_modified_time":"2019-12-17T19:06:04+00:00","twitter_card":"summary_large_image","twitter_misc":{"Tiempo de lectura":"4 minutos"},"schema":{"@context":"https:\/\/schema.org","@graph":[{"@type":"WebPage","@id":"https:\/\/leeksonfilms.com\/es\/politica-de-cookies\/","url":"https:\/\/leeksonfilms.com\/es\/politica-de-cookies\/","name":"Pol\u00edtica de Cookies - Leeksonfilms","isPartOf":{"@id":"https:\/\/leeksonfilms.com\/es\/#website"},"datePublished":"2019-12-17T09:51:22+00:00","dateModified":"2019-12-17T19:06:04+00:00","breadcrumb":{"@id":"https:\/\/leeksonfilms.com\/es\/politica-de-cookies\/#breadcrumb"},"inLanguage":"es","potentialAction":[{"@type":"ReadAction","target":["https:\/\/leeksonfilms.com\/es\/politica-de-cookies\/"]}]},{"@type":"BreadcrumbList","@id":"https:\/\/leeksonfilms.com\/es\/politica-de-cookies\/#breadcrumb","itemListElement":[{"@type":"ListItem","position":1,"name":"Portada","item":"https:\/\/leeksonfilms.com\/es\/"},{"@type":"ListItem","position":2,"name":"Pol\u00edtica de Cookies"}]},{"@type":"WebSite","@id":"https:\/\/leeksonfilms.com\/es\/#website","url":"https:\/\/leeksonfilms.com\/es\/","name":"Leeksonfilms","description":"M\u00e1s de 15 a\u00f1os de experiencia en el sector audiovisual","potentialAction":[{"@type":"SearchAction","target":{"@type":"EntryPoint","urlTemplate":"https:\/\/leeksonfilms.com\/es\/?s={search_term_string}"},"query-input":{"@type":"PropertyValueSpecification","valueRequired":true,"valueName":"search_term_string"}}],"inLanguage":"es"}]}},"_links":{"self":[{"href":"https:\/\/leeksonfilms.com\/es\/wp-json\/wp\/v2\/pages\/1328","targetHints":{"allow":["GET"]}}],"collection":[{"href":"https:\/\/leeksonfilms.com\/es\/wp-json\/wp\/v2\/pages"}],"about":[{"href":"https:\/\/leeksonfilms.com\/es\/wp-json\/wp\/v2\/types\/page"}],"author":[{"embeddable":true,"href":"https:\/\/leeksonfilms.com\/es\/wp-json\/wp\/v2\/users\/1"}],"replies":[{"embeddable":true,"href":"https:\/\/leeksonfilms.com\/es\/wp-json\/wp\/v2\/comments?post=1328"}],"version-history":[{"count":1,"href":"https:\/\/leeksonfilms.com\/es\/wp-json\/wp\/v2\/pages\/1328\/revisions"}],"predecessor-version":[{"id":1330,"href":"https:\/\/leeksonfilms.com\/es\/wp-json\/wp\/v2\/pages\/1328\/revisions\/1330"}],"wp:attachment":[{"href":"https:\/\/leeksonfilms.com\/es\/wp-json\/wp\/v2\/media?parent=1328"}],"curies":[{"name":"wp","href":"https:\/\/api.w.org\/{rel}","templated":true}]}}