{"id":1324,"date":"2019-12-17T09:59:02","date_gmt":"2019-12-17T09:59:02","guid":{"rendered":"https:\/\/leeksonfilms.com\/?page_id=1324"},"modified":"2019-12-23T08:55:37","modified_gmt":"2019-12-23T08:55:37","slug":"aviso-legal","status":"publish","type":"page","link":"https:\/\/leeksonfilms.com\/es\/aviso-legal\/","title":{"rendered":"Aviso legal"},"content":{"rendered":"\n<p>Con el fin de dar cumplimiento al\nart\u00edculo 10 de la Ley 34\/2002 de Servicios de la Sociedad de la Informaci\u00f3n y\ndel Comercio Electr\u00f3nico, informamos a los usuarios de nuestros datos:<\/p>\n\n\n\n<p>Denominaci\u00f3n Social: LEEKSONFILMS\nPRODUCCIONS SL <\/p>\n\n\n\n<p>Domicilio Social: Pla\u00e7a Clara 10,\nentr 2, 17800 Olot, (Girona)<\/p>\n\n\n\n<p>NIF: B55155808<\/p>\n\n\n\n<p>Tel\u00e9fono: 620919109<\/p>\n\n\n\n<p>E-Mail: info@leeksonfilms.com<\/p>\n\n\n\n<p>Sitio Web: www.leeksonfilms.com<\/p>\n\n\n\n<p>Datos Registrales: <\/p>\n\n\n\n<p>Delegado de Protecci\u00f3n de Datos: Ferran\nCastanyer<\/p>\n\n\n\n<p>Contacto DPD: info@leeksonfilms.com<\/p>\n\n\n\n<p><strong>1.- OBJETO<\/strong><\/p>\n\n\n\n<p><strong>LEEKSONFILMS PRODUCCIONS SL <\/strong>&nbsp;(en adelante tambi\u00e9n el prestador) c\u00f3mo\nresponsable del sitio web, pone a disposici\u00f3n de los usuarios el presente\ndocumento, que regula el uso del sitio web www.leeksonfilms.com, con el que\npretendemos dar cumplimiento a las obligaciones que dispone la Ley 34\/2002, de\nServicios de la Sociedad de la Informaci\u00f3n y del Comercio Electr\u00f3nico (LSSICE o\nLSSI), as\u00ed como informar a todos los usuarios del sitio web respecto de cu\u00e1les\nson las condiciones de uso del sitio web.<\/p>\n\n\n\n<p>A trav\u00e9s de la Web, <strong>LEEKSONFILMS PRODUCCIONS SL <\/strong>&nbsp;facilita a los usuarios el acceso y\nutilizaci\u00f3n de diferentes servicios y contenidos puestos a disposici\u00f3n a trav\u00e9s\ndel web.<\/p>\n\n\n\n<p>Toda persona que acceda a esta\nweb asume el papel de usuario (en adelante el usuario), e implica la aceptaci\u00f3n\ntotal y sin reservas de todas y cada una de las disposiciones incluidas en este\naviso legal, as\u00ed como a cualesquiera otras disposiciones legales que fueran de\naplicaci\u00f3n.<\/p>\n\n\n\n<p>Como usuarios, tienen que leer\natentamente este Aviso Legal en cualquier de las ocasiones que entren a la web,\npues \u00e9sta puede sufrir modificaciones ya que el prestador se reserva el derecho\na modificar cualquier tipo de informaci\u00f3n que pudiera aparecer en la web, sin\nque exista la obligaci\u00f3n de pre-avisar o poner en conocimiento de los usuarios\nestas obligaciones, siendo suficientes la publicaci\u00f3n en el sitio web del\nprestador.<\/p>\n\n\n\n<p><strong>2. CONDICIONES DE ACCESO Y USO DE LA\nWEB.<\/strong><\/p>\n\n\n\n<p><strong>2.1. Car\u00e1cter gratuito del acceso y uso\nde la web.<\/strong><\/p>\n\n\n\n<p>La prestaci\u00f3n de los servicios\npor parte de <strong>LEEKSONFILMS PRODUCCIONS SL\n<\/strong>&nbsp;tiene car\u00e1cter gratuito para todos\nlos Usuarios. No obstante, algunos de los servicios suministrados por el\nprestador a trav\u00e9s de la Web est\u00e1n sujetas al pago de un precio determinado a\nlas condicionas generales de contrataci\u00f3n.<\/p>\n\n\n\n<p><strong>2.2. Registro de Usuario.<\/strong><\/p>\n\n\n\n<p>Con car\u00e1cter general la\nprestaci\u00f3n de los Servicios no exige la previa suscripci\u00f3n o registro de los\nUsuarios. Aun as\u00ed, <strong>LEEKSONFILMS\nPRODUCCIONS SL <\/strong>&nbsp;condiciona el uso de\nalgunos de los servicios a la previa complementaci\u00f3n del correspondiente\nregistro de Usuario. Este registro se efectuar\u00e1 en la forma expresamente\nindicada en la propia secci\u00f3n del servicio.<\/p>\n\n\n\n<p><strong>2.3. Veracidad de la informaci\u00f3n.<\/strong><\/p>\n\n\n\n<p>Toda la informaci\u00f3n que facilita\nel Usuario tiene que ser veraz. A estos efectos, el Usuario garantiza la\nautenticidad de los datos comunicados a trav\u00e9s de los formularios para la\nsuscripci\u00f3n de los Servicios. Ser\u00e1 responsabilidad del Usuario mantener toda la\ninformaci\u00f3n facilitada a <strong>LEEKSONFILMS\nPRODUCCIONS SL <\/strong>&nbsp;permanentemente\nactualizada de forma que responda, en cada momento, a su situaci\u00f3n real. En\ntodo caso, el Usuario ser\u00e1 el \u00fanico responsable de las manifestaciones falsas o\ninexactas que realice y de los perjuicios que cause al prestador o a terceros.<\/p>\n\n\n\n<p><strong>2.4. Menores de edad.<\/strong><\/p>\n\n\n\n<p>Para el uso de los servicios, los\nmenores de edad tienen que obtener siempre previamente el consentimiento de los\npadres, tutores o representantes legales, responsables \u00faltimos de todos los\nactos realizados por los menores a su cargo. La responsabilidad en la\ndeterminaci\u00f3n de contenidos concretos a los cuales acceden los menores\ncorresponde a aquellos, es por eso que si acceden a contenidos no apropiados\npor Internet, se tendr\u00e1n que establecer en sus ordenadores mecanismos, en\nparticular programas inform\u00e1ticos, filtros y bloqueos, que permitan limitar los\ncontenidos disponibles y, a pesar de que no sean infalibles, son de especial\nutilidad para controlar y restringir los materiales a los que pueden acceder\nlos menores.<\/p>\n\n\n\n<p><strong>2.5. Obligaci\u00f3n de hacer un uso correcto\nde la Web.<\/strong><\/p>\n\n\n\n<p>El Usuario se compromete a\nutilizar la Web de conformidad a la Ley y al presente Aviso Legal, as\u00ed como a\nla moral y a buenas costumbres. A tal efecto, el Usuario se abstendr\u00e1 de\nutilizar la p\u00e1gina con finalidades il\u00edcitas o prohibidas, lesivas de derechos e\nintereses de terceros, o que de cualquier forma puedan da\u00f1ar, inutilizar,\nsobrecargar, deteriorar o impedir la normal utilizaci\u00f3n de equipos inform\u00e1ticos\no documentos, archivos y toda clase de contenidos almacenados en cualquier\nequipo inform\u00e1tico del prestador.<\/p>\n\n\n\n<p>En particular, y a t\u00edtulo\nindicativo pero no exhaustivo, el Usuario se compromete a no transmitir,\ndifundir o poner a disposici\u00f3n de terceros informaciones, datos, contenidos,\nmensajes, gr\u00e1ficos, dibujos, archivos de sonido o imagen, fotograf\u00edas,\ngrabaciones, software y, en general, cualquier clase de material que:<\/p>\n\n\n\n<p>(a) Sea contraria, desprecie o atente contra los derechos fundamentales y las libertades p\u00fablicas reconocidas constitucionalmente, en tratados internacionales y otras normas vigentes;<\/p>\n\n\n\n<p>(b)\u00a0Induzca, incite o promueva actuaciones delictivas, denigrantes, difamatorias, violentas o, en general, contrarias a la ley, a la moral y al orden p\u00fablico;<\/p>\n\n\n\n<p>(c)\u00a0Induzca, incite o promueva actuaciones, actitudes o pensamientos discriminatorios por raz\u00f3n de sexo, raza, religi\u00f3n, creencias, edad o condici\u00f3n;<\/p>\n\n\n\n<p>(d)\u00a0Sea contrario al derecho al honor, a la intimidad personal o familiar o a la propia imagen de las personas;<\/p>\n\n\n\n<p>(e)&nbsp;&nbsp;&nbsp;&nbsp;&nbsp;&nbsp;&nbsp; de cualquier manera perjudique la credibilidad del prestador\no de terceros; y<\/p>\n\n\n\n<p>(f)&nbsp;&nbsp;&nbsp;&nbsp;&nbsp;&nbsp;&nbsp;&nbsp; constituya publicidad il\u00edcita, enga\u00f1osa o desleal.<\/p>\n\n\n\n<p><strong>3.- EXCLUSI\u00d3N DE GARANT\u00cdAS Y\nRESPONSABILIDAD<\/strong><\/p>\n\n\n\n<p>El prestador se exime de\ncualquier tipo de responsabilidad derivada de la informaci\u00f3n publicada en\nnuestro sitio web, siempre que esta informaci\u00f3n haya sido manipulada o\nintroducida por un tercero ajeno.<\/p>\n\n\n\n<p>Esta web ha sido revisada y\nprobada para que funcione correctamente. En principio, se puede garantizar el\ncorrecto funcionamiento los 365 d\u00edas del a\u00f1o, 24 horas al d\u00eda. Sin embargo, el\nprestador no descarta la posibilidad que existan determinados errores de programaci\u00f3n,\no que sucedan causas de fuerza mayor, cat\u00e1strofes naturales, huelgas, o\ncircunstancias parecidas que hagan imposible el acceso a la p\u00e1gina web.<\/p>\n\n\n\n<p><strong>LEEKSONFILMS PRODUCCIONS SL <\/strong>&nbsp;no otorga ninguna garant\u00eda ni se hace\nresponsable, en ning\u00fan caso, de los da\u00f1os y perjuicios de cualquier naturaleza\nque puedan salir a colaci\u00f3n de la falta de disponibilidad, mantenimiento y\nefectivo funcionamiento de la web o de sus servicios y contenidos; de la\nexistencia de virus, programas maliciosos o lesivos en los contenidos; del uso\nil\u00edcito, negligente, fraudulento o contrario a este Aviso Legal y condiciones\nde uso; o de La falta de licitud, calidad, fiabilidad, utilidad y\ndisponibilidad de los servicios prestados por terceros y ademanes a disposici\u00f3n\nde los usuarios en el sitio web.<\/p>\n\n\n\n<p>El prestador no se hace\nresponsable bajo ning\u00fan concepto de los da\u00f1os que puedan dimanar del uso ilegal\no indebido de la presente p\u00e1gina web.<\/p>\n\n\n\n<p><strong>4.- COOKIES<\/strong><\/p>\n\n\n\n<p>El sitio web del prestador puede\nutilizar cookies (peque\u00f1os archivos de informaci\u00f3n que el servidor env\u00eda al\nordenador de quien accede en la p\u00e1gina) para llevar a cabo determinadas\nfunciones que son consideradas imprescindibles para el correcto funcionamiento\ny visualizaci\u00f3n del lugar. Las cookies utilizadas tienen, en todo caso, car\u00e1cter\ntemporal, con la \u00fanica finalidad de hacer m\u00e1s eficaz la navegaci\u00f3n, y\ndesaparecen al acabar la sesi\u00f3n del usuario.<\/p>\n\n\n\n<p>En ning\u00fan caso se utilizar\u00e1n las\ncookies para recoger informaci\u00f3n de car\u00e1cter personal. Para m\u00e1s informaci\u00f3n,\nver nuestra Pol\u00edtica de Cookies.<\/p>\n\n\n\n<p><strong>5.- ENLACES (LINKS)<\/strong><\/p>\n\n\n\n<p>Desde el sitio web es posible que\nse redirija a contenidos de terceras webs. Dado que desde el web no podemos\ncontrolar siempre los contenidos introducidos por los terceros, <strong>LEEKSONFILMS PRODUCCIONS SL <\/strong>&nbsp;no asume ning\u00fan tipo de responsabilidad\nrespecto a estos contenidos. En todo caso, el prestador manifiesta que\nproceder\u00e1 a la retirada inmediata de cualquier contenido que pudiera\ncontravenir la legislaci\u00f3n nacional o internacional, la moral o el orden\np\u00fablico, procediendo a la retirada inmediata de la re-direcci\u00f3n a estas webs,\nponiendo en conocimiento de las autoridades competentes el contenido en\ncuesti\u00f3n.<\/p>\n\n\n\n<p>El prestador no se responsabiliza\nde la informaci\u00f3n y contenidos almacenados, a t\u00edtulo enunciativo pero no\nlimitante, en foros, chats, generadores de blogs, comentarios, redes sociales o\ncualquiera otro medio que permita a terceros publicar contenidos de forma\nindependiente a la p\u00e1gina web del prestador. Sin embargo y en cumplimiento de\nlo que dispone el art. 11 y 16 de la LSSICE, el prestador se pone a disposici\u00f3n\nde todos los usuarios, autoridades y fuerzas de seguridad, y colaborando de\nforma activa en la retirada o, cuando sea necesario, el bloqueo de todos\naquellos contenidos que puedan afectar o contravenir la legislaci\u00f3n nacional, o\ninternacional, derechos de terceros o la moral y el orden p\u00fablico. En caso de\nque el usuario considere que puede existir alg\u00fan contenido que pudiera ser\nsusceptible de esta clasificaci\u00f3n, se ruega lo notifique de forma inmediata al\nadministrador del sitio web.<\/p>\n\n\n\n<p><strong>6.- PROTECCI\u00d3N DE DATOS PERSONALES<\/strong><\/p>\n\n\n\n<p>El prestador est\u00e1 profundamente\ncomprometido con el cumplimiento de la normativa de protecci\u00f3n de datos\npersonales y garantiza el cumplimiento \u00edntegro de las obligaciones dispuestas,\nas\u00ed como la implementaci\u00f3n de las medidas de seguridad dispuestas al Reglamento\nEuropeo de Protecci\u00f3n de datos y la normativa espa\u00f1ola de protecci\u00f3n de datos.\nPara m\u00e1s informaci\u00f3n, ver nuestra Pol\u00edtica de Privacidad.<\/p>\n\n\n\n<p><strong>7.- REDES SOCIALES<\/strong><\/p>\n\n\n\n<p>Le informamos que <strong>LEEKSONFILMS PRODUCCIONS SL <\/strong>&nbsp;puede estar presente en redes sociales. El\ntratamiento de los datos que los usuarios incluyan en las mismas [haci\u00e9ndose\nseguidores del prestador en las redes sociales (y\/o realizando cualquier\nv\u00ednculo o acci\u00f3n de conexi\u00f3n a trav\u00e9s de estas)] se regir\u00e1 por este apartado,\nas\u00ed como por las condiciones de uso, pol\u00edticas de privacidad y normativas de\nacceso y uso de las redes sociales en cuesti\u00f3n y aceptadas previamente por el\nusuario. <strong>LEEKSONFILMS PRODUCCIONS SL <\/strong>&nbsp;tratar\u00e1 sus datos con el fin de informarle de las\nactividades, productos o servicios del prestador a trav\u00e9s de estas redes\nsociales, as\u00ed como para cualquier otra finalidad que las normativas de las\nRedes Sociales permitan, pero no se har\u00e1 responsable de sus pol\u00edticas de\nprivacidad.<\/p>\n\n\n\n<p>Queda prohibida la publicaci\u00f3n de\ncontenidos:<\/p>\n\n\n\n<p>&#8211; Que sean presuntamente il\u00edcitos\npor la normativa nacional, comunitaria o internacional o que realicen\nactividades presuntamente il\u00edcitas o contravengan los principios de la buena\nfe.<\/p>\n\n\n\n<p>&#8211; Que atenten contra los derechos\nfundamentales de las personas, falten a la cortes\u00eda en la red, molesten o\npuedan generar opiniones negativas en nuestros usuarios o terceros y en general\ncualesquiera sean los contenidos que <strong>LEEKSONFILMS\nPRODUCCIONS SL <\/strong>&nbsp;considere no\napropiados.<\/p>\n\n\n\n<p>&#8211; Y en general que contravengan\nlos principios de legalidad, honradez, responsabilidad, protecci\u00f3n de la\ndignidad humana, protecci\u00f3n de menores, protecci\u00f3n del orden p\u00fablico, la\nprotecci\u00f3n de la vida privada, la protecci\u00f3n del consumidor y los derechos de\npropiedad intelectual e industrial.<\/p>\n\n\n\n<p>Asimismo, <strong>LEEKSONFILMS PRODUCCIONS SL <\/strong>&nbsp;se reserva la potestad de retirar, sin previo\naviso del sitio web o de la red social corporativa aquellos contenidos que se\nconsideren no apropiados.<\/p>\n\n\n\n<p><strong>8. PROPIEDAD INTELECTUAL E INDUSTRIAL<\/strong><\/p>\n\n\n\n<p>El sitio web, incluyendo a t\u00edtulo\nenunciativo pero no limitativo la programaci\u00f3n, edici\u00f3n, compilaci\u00f3n y otros\nelementos necesarios para su funcionamiento, los dise\u00f1os, logotipos, textos,\nfotograf\u00edas y\/o gr\u00e1ficos son propiedad del prestador o, en caso de que fuera\nnecesario, dispone de la licencia o autorizaci\u00f3n expresa por parte de los\nautores. Todos los contenidos del sitio web se encuentran debidamente\nprotegidos por la normativa de propiedad intelectual e industrial.<\/p>\n\n\n\n<p>Independientemente de la\nfinalidad por la que fueran destinados, la reproducci\u00f3n total o parcial, uso,\ndistribuci\u00f3n y comunicaci\u00f3n p\u00fablica requieren de la autorizaci\u00f3n escrita previa\npor parte del prestador. Cualquier uso no autorizado previamente por parte del\nprestador ser\u00e1 considerado un incumplimiento grave de los derechos de propiedad\nintelectual o industrial del autor.<\/p>\n\n\n\n<p>Los dise\u00f1os, logotipos, textos\ny\/o gr\u00e1ficos ajenos al prestador y que puedan aparecer en el sitio web,\npertenecen a sus respectivos propietarios, siendo ellos mismos los responsables\nde cualquier posible controversia que pudiera acontecer respecto a los mismos.\nEn todo caso, el prestador cuenta con la autorizaci\u00f3n expresa y previa por\nparte de los mismos.<\/p>\n\n\n\n<p>El prestador reconoce a favor de\nsus titulares los correspondientes derechos de propiedad industrial e\nintelectual, no implicando la menci\u00f3n o aparici\u00f3n en el sitio web, de la\nexistencia de derechos o ninguna responsabilidad del prestador sobre los\nmismos, como tampoco respaldo, patrocinio o recomendaci\u00f3n por parte del mismo.<\/p>\n\n\n\n<p>Para realizar cualquier tipo de\nobservaci\u00f3n respecto a posibles incumplimientos de los derechos de propiedad\nintelectual o industrial, as\u00ed como sobre cualquiera de los contenidos del sitio\nweb, puede hacerlo a trav\u00e9s del correo electr\u00f3nico arriba rese\u00f1ado.<\/p>\n\n\n\n<p><strong>9.- LEY APLICABLE Y JURISDICCI\u00d3N<\/strong>\n\nPara\nla resoluci\u00f3n de las controversias o cuestiones relacionadas con la presente\np\u00e1gina web o de las actividades en esta desarrolladas, ser\u00e1 de aplicaci\u00f3n la\nlegislaci\u00f3n espa\u00f1ola, a la que se someten expresamente las partes, siendo\ncompetentes por la resoluci\u00f3n de todos los conflictos derivados o relacionados\ncon su uso los Juzgados y Tribunales de Girona.\n\n\n\n<\/p>\n","protected":false},"excerpt":{"rendered":"<p>Con el fin de dar cumplimiento al art\u00edculo 10 de la Ley 34\/2002 de Servicios de la Sociedad de la Informaci\u00f3n y del Comercio Electr\u00f3nico, informamos a los usuarios de nuestros datos: Denominaci\u00f3n Social: LEEKSONFILMS PRODUCCIONS SL Domicilio Social: Pla\u00e7a Clara 10, entr 2, 17800 Olot, (Girona) NIF: B55155808 Tel\u00e9fono: 620919109 E-Mail: info@leeksonfilms.com Sitio Web: [&hellip;]<\/p>\n","protected":false},"author":1,"featured_media":0,"parent":0,"menu_order":0,"comment_status":"closed","ping_status":"closed","template":"","meta":{"footnotes":""},"class_list":["post-1324","page","type-page","status-publish","hentry"],"yoast_head":"<!-- This site is optimized with the Yoast SEO plugin v27.5 - https:\/\/yoast.com\/product\/yoast-seo-wordpress\/ -->\n<title>Aviso legal - Leeksonfilms<\/title>\n<meta name=\"robots\" content=\"index, follow, max-snippet:-1, max-image-preview:large, max-video-preview:-1\" \/>\n<link rel=\"canonical\" href=\"https:\/\/leeksonfilms.com\/es\/aviso-legal\/\" \/>\n<meta property=\"og:locale\" content=\"es_ES\" \/>\n<meta property=\"og:type\" content=\"article\" \/>\n<meta property=\"og:title\" content=\"Aviso legal - Leeksonfilms\" \/>\n<meta property=\"og:description\" content=\"Con el fin de dar cumplimiento al art\u00edculo 10 de la Ley 34\/2002 de Servicios de la Sociedad de la Informaci\u00f3n y del Comercio Electr\u00f3nico, informamos a los usuarios de nuestros datos: Denominaci\u00f3n Social: LEEKSONFILMS PRODUCCIONS SL Domicilio Social: Pla\u00e7a Clara 10, entr 2, 17800 Olot, (Girona) NIF: B55155808 Tel\u00e9fono: 620919109 E-Mail: info@leeksonfilms.com Sitio Web: [&hellip;]\" \/>\n<meta property=\"og:url\" content=\"https:\/\/leeksonfilms.com\/es\/aviso-legal\/\" \/>\n<meta property=\"og:site_name\" content=\"Leeksonfilms\" \/>\n<meta property=\"article:modified_time\" content=\"2019-12-23T08:55:37+00:00\" \/>\n<meta name=\"twitter:card\" content=\"summary_large_image\" \/>\n<meta name=\"twitter:label1\" content=\"Tiempo de lectura\" \/>\n\t<meta name=\"twitter:data1\" content=\"11 minutos\" \/>\n<script type=\"application\/ld+json\" class=\"yoast-schema-graph\">{\"@context\":\"https:\\\/\\\/schema.org\",\"@graph\":[{\"@type\":\"WebPage\",\"@id\":\"https:\\\/\\\/leeksonfilms.com\\\/es\\\/aviso-legal\\\/\",\"url\":\"https:\\\/\\\/leeksonfilms.com\\\/es\\\/aviso-legal\\\/\",\"name\":\"Aviso legal - Leeksonfilms\",\"isPartOf\":{\"@id\":\"https:\\\/\\\/leeksonfilms.com\\\/es\\\/#website\"},\"datePublished\":\"2019-12-17T09:59:02+00:00\",\"dateModified\":\"2019-12-23T08:55:37+00:00\",\"breadcrumb\":{\"@id\":\"https:\\\/\\\/leeksonfilms.com\\\/es\\\/aviso-legal\\\/#breadcrumb\"},\"inLanguage\":\"es\",\"potentialAction\":[{\"@type\":\"ReadAction\",\"target\":[\"https:\\\/\\\/leeksonfilms.com\\\/es\\\/aviso-legal\\\/\"]}]},{\"@type\":\"BreadcrumbList\",\"@id\":\"https:\\\/\\\/leeksonfilms.com\\\/es\\\/aviso-legal\\\/#breadcrumb\",\"itemListElement\":[{\"@type\":\"ListItem\",\"position\":1,\"name\":\"Portada\",\"item\":\"https:\\\/\\\/leeksonfilms.com\\\/es\\\/\"},{\"@type\":\"ListItem\",\"position\":2,\"name\":\"Aviso legal\"}]},{\"@type\":\"WebSite\",\"@id\":\"https:\\\/\\\/leeksonfilms.com\\\/es\\\/#website\",\"url\":\"https:\\\/\\\/leeksonfilms.com\\\/es\\\/\",\"name\":\"Leeksonfilms\",\"description\":\"M\u00e1s de 15 a\u00f1os de experiencia en el sector audiovisual\",\"potentialAction\":[{\"@type\":\"SearchAction\",\"target\":{\"@type\":\"EntryPoint\",\"urlTemplate\":\"https:\\\/\\\/leeksonfilms.com\\\/es\\\/?s={search_term_string}\"},\"query-input\":{\"@type\":\"PropertyValueSpecification\",\"valueRequired\":true,\"valueName\":\"search_term_string\"}}],\"inLanguage\":\"es\"}]}<\/script>\n<!-- \/ Yoast SEO plugin. -->","yoast_head_json":{"title":"Aviso legal - Leeksonfilms","robots":{"index":"index","follow":"follow","max-snippet":"max-snippet:-1","max-image-preview":"max-image-preview:large","max-video-preview":"max-video-preview:-1"},"canonical":"https:\/\/leeksonfilms.com\/es\/aviso-legal\/","og_locale":"es_ES","og_type":"article","og_title":"Aviso legal - Leeksonfilms","og_description":"Con el fin de dar cumplimiento al art\u00edculo 10 de la Ley 34\/2002 de Servicios de la Sociedad de la Informaci\u00f3n y del Comercio Electr\u00f3nico, informamos a los usuarios de nuestros datos: Denominaci\u00f3n Social: LEEKSONFILMS PRODUCCIONS SL Domicilio Social: Pla\u00e7a Clara 10, entr 2, 17800 Olot, (Girona) NIF: B55155808 Tel\u00e9fono: 620919109 E-Mail: info@leeksonfilms.com Sitio Web: [&hellip;]","og_url":"https:\/\/leeksonfilms.com\/es\/aviso-legal\/","og_site_name":"Leeksonfilms","article_modified_time":"2019-12-23T08:55:37+00:00","twitter_card":"summary_large_image","twitter_misc":{"Tiempo de lectura":"11 minutos"},"schema":{"@context":"https:\/\/schema.org","@graph":[{"@type":"WebPage","@id":"https:\/\/leeksonfilms.com\/es\/aviso-legal\/","url":"https:\/\/leeksonfilms.com\/es\/aviso-legal\/","name":"Aviso legal - Leeksonfilms","isPartOf":{"@id":"https:\/\/leeksonfilms.com\/es\/#website"},"datePublished":"2019-12-17T09:59:02+00:00","dateModified":"2019-12-23T08:55:37+00:00","breadcrumb":{"@id":"https:\/\/leeksonfilms.com\/es\/aviso-legal\/#breadcrumb"},"inLanguage":"es","potentialAction":[{"@type":"ReadAction","target":["https:\/\/leeksonfilms.com\/es\/aviso-legal\/"]}]},{"@type":"BreadcrumbList","@id":"https:\/\/leeksonfilms.com\/es\/aviso-legal\/#breadcrumb","itemListElement":[{"@type":"ListItem","position":1,"name":"Portada","item":"https:\/\/leeksonfilms.com\/es\/"},{"@type":"ListItem","position":2,"name":"Aviso legal"}]},{"@type":"WebSite","@id":"https:\/\/leeksonfilms.com\/es\/#website","url":"https:\/\/leeksonfilms.com\/es\/","name":"Leeksonfilms","description":"M\u00e1s de 15 a\u00f1os de experiencia en el sector audiovisual","potentialAction":[{"@type":"SearchAction","target":{"@type":"EntryPoint","urlTemplate":"https:\/\/leeksonfilms.com\/es\/?s={search_term_string}"},"query-input":{"@type":"PropertyValueSpecification","valueRequired":true,"valueName":"search_term_string"}}],"inLanguage":"es"}]}},"_links":{"self":[{"href":"https:\/\/leeksonfilms.com\/es\/wp-json\/wp\/v2\/pages\/1324","targetHints":{"allow":["GET"]}}],"collection":[{"href":"https:\/\/leeksonfilms.com\/es\/wp-json\/wp\/v2\/pages"}],"about":[{"href":"https:\/\/leeksonfilms.com\/es\/wp-json\/wp\/v2\/types\/page"}],"author":[{"embeddable":true,"href":"https:\/\/leeksonfilms.com\/es\/wp-json\/wp\/v2\/users\/1"}],"replies":[{"embeddable":true,"href":"https:\/\/leeksonfilms.com\/es\/wp-json\/wp\/v2\/comments?post=1324"}],"version-history":[{"count":3,"href":"https:\/\/leeksonfilms.com\/es\/wp-json\/wp\/v2\/pages\/1324\/revisions"}],"predecessor-version":[{"id":1441,"href":"https:\/\/leeksonfilms.com\/es\/wp-json\/wp\/v2\/pages\/1324\/revisions\/1441"}],"wp:attachment":[{"href":"https:\/\/leeksonfilms.com\/es\/wp-json\/wp\/v2\/media?parent=1324"}],"curies":[{"name":"wp","href":"https:\/\/api.w.org\/{rel}","templated":true}]}}